{"id":245,"date":"2021-05-13T10:25:11","date_gmt":"2021-05-13T08:25:11","guid":{"rendered":"http:\/\/simona-pekolj.local\/?page_id=215"},"modified":"2022-07-25T19:41:16","modified_gmt":"2022-07-25T17:41:16","slug":"osebne-vrednote","status":"publish","type":"page","link":"https:\/\/simonapekolj.com\/si\/osebne-vrednote\/","title":{"rendered":"Osebne vrednote"},"content":{"rendered":"\n<div class=\"wp-block-columns is-layout-flex wp-container-core-columns-is-layout-9d6595d7 wp-block-columns-is-layout-flex\">\n<div class=\"wp-block-column is-layout-flow wp-block-column-is-layout-flow\">\n<h2 class=\"wp-block-heading\">\u017diveti svoje osebne vrednote<\/h2>\n\n\n\n<p><strong>Knjiga slovenske avtorke Simone Pekolj, inspiratorke in ustvarjalke naravne kozmetike IZISTEP.<\/strong><\/p>\n\n\n\n<ul class=\"wp-block-list\"><li>Osebne vrednote izra\u017eajo posameznikovo edinstvenost. <\/li><li>Spodbujajo pristen stik z lastnimi ob\u010dutki.<\/li><li>Odkrivajo, kaj je vsakomur resni\u010dno pomembno in dragoceno. <\/li><li>Za\u017eivijo \u0161ele tedaj, ko jih z besedo in dejanji izrazimo. <\/li><li>Z njihovim uresni\u010devanjem krepimo lastno vrednost in ljubezen do sebe. <\/li><li>S krepitvijo osebnih vrednot \u0161irimo in izbolj\u0161ujemo pristnost do sebe in okolice. <\/li><li>Osebne vrednote ustvarjajo <strong>le<\/strong> <strong>dobre ob\u010dutke<\/strong>, ki izbolj\u0161ujejo notranje zadovoljstvo. <\/li><li>Narekujejo pristno sledenje samemu sebi.<\/li><li>Krepijo \u017eivljenjski smisel.<\/li><li>Podpirajo sr\u010dne ob\u010dutke in utrjujejo sr\u010dne \u017eivljenjske navade.<\/li><li>Njihovo uresni\u010devanje je preprosto <strong>sr\u010dna pot<\/strong>.<\/li><\/ul>\n\n\n\n<p><\/p>\n\n\n\n<div style=\"height:10px\" aria-hidden=\"true\" class=\"wp-block-spacer\"><\/div>\n<\/div>\n\n\n\n<div class=\"wp-block-column is-layout-flow wp-block-column-is-layout-flow\">\n<figure class=\"wp-block-image size-large\"><img decoding=\"async\" src=\"https:\/\/simonapekolj.com\/si\/wp-content\/uploads\/sites\/2\/2021\/05\/S17_4.svg\" alt=\"\" class=\"wp-image-264\" \/><\/figure>\n<\/div>\n<\/div>\n\n\n\n<div class=\"wp-block-columns uk-flex-middle is-layout-flex wp-container-core-columns-is-layout-9d6595d7 wp-block-columns-is-layout-flex\">\n<div class=\"wp-block-column is-layout-flow wp-block-column-is-layout-flow\">\n<div style=\"height:10px\" aria-hidden=\"true\" class=\"wp-block-spacer\"><\/div>\n\n\n\n<figure class=\"wp-block-image size-large\"><img loading=\"lazy\" decoding=\"async\" width=\"1024\" height=\"997\" src=\"https:\/\/simonapekolj.com\/si\/wp-content\/uploads\/sites\/2\/2021\/05\/zit_sve_osobny_hodnoty_5-1024x997.png\" alt=\"\" class=\"wp-image-296\" srcset=\"https:\/\/simonapekolj.com\/si\/wp-content\/uploads\/sites\/2\/2021\/05\/zit_sve_osobny_hodnoty_5-1024x997.png 1024w, https:\/\/simonapekolj.com\/si\/wp-content\/uploads\/sites\/2\/2021\/05\/zit_sve_osobny_hodnoty_5-300x292.png 300w, https:\/\/simonapekolj.com\/si\/wp-content\/uploads\/sites\/2\/2021\/05\/zit_sve_osobny_hodnoty_5-768x748.png 768w, https:\/\/simonapekolj.com\/si\/wp-content\/uploads\/sites\/2\/2021\/05\/zit_sve_osobny_hodnoty_5-1536x1495.png 1536w, https:\/\/simonapekolj.com\/si\/wp-content\/uploads\/sites\/2\/2021\/05\/zit_sve_osobny_hodnoty_5-2048x1993.png 2048w, https:\/\/simonapekolj.com\/si\/wp-content\/uploads\/sites\/2\/2021\/05\/zit_sve_osobny_hodnoty_5-50x50.png 50w\" sizes=\"auto, (max-width: 1024px) 100vw, 1024px\" \/><\/figure>\n<\/div>\n\n\n\n<div class=\"wp-block-column is-layout-flow wp-block-column-is-layout-flow\">\n<p style=\"font-size:22px\">Prebuditi in spoznati, kaj je v \u017eivljenju resni\u010dno pomembno. <\/p>\n\n\n\n<p>Knjiga <em><strong>\u017diveti svoje osebne vrednote<\/strong><\/em> te zagotovo navdu\u0161i, \u010de \u017eeli\u0161 svoje \u017eivljenje oplemeniti in o\u017eiveti ob\u010dutke zadovoljstva in izpolnjenosti. Da si ustvari\u0161 \u017eivljenje po meri svojih pravih vrednot. Ali raz\u0161iri\u0161 svojo pristnost skozi samorazumevanje in ob\u010dutke vrednosti. S tem pa povzdigne\u0161 intimni smisel svojih \u017eivljenjskih poti.<\/p>\n\n\n\n<p>Je velik skok stran od potro\u0161ni\u0161tva in materialnih dobrin, zato pa poligon za odkrivanje in krepitev notranjega bogastva.<\/p>\n<\/div>\n<\/div>\n","protected":false},"excerpt":{"rendered":"<p>\u017diveti svoje osebne vrednote Knjiga slovenske avtorke Simone Pekolj, inspiratorke in ustvarjalke naravne kozmetike IZISTEP. Osebne vrednote izra\u017eajo posameznikovo edinstvenost. Spodbujajo pristen stik z lastnimi ob\u010dutki. Odkrivajo, kaj je vsakomur resni\u010dno pomembno in dragoceno. Za\u017eivijo \u0161ele tedaj, ko jih z besedo in dejanji izrazimo. Z njihovim uresni\u010devanjem krepimo lastno vrednost in ljubezen do sebe. S [&hellip;]<\/p>\n","protected":false},"author":1,"featured_media":0,"parent":0,"menu_order":0,"comment_status":"closed","ping_status":"closed","template":"top-banner-page.php","meta":{"inline_featured_image":false,"footnotes":""},"class_list":["post-245","page","type-page","status-publish","hentry"],"acf":[],"_links":{"self":[{"href":"https:\/\/simonapekolj.com\/si\/wp-json\/wp\/v2\/pages\/245","targetHints":{"allow":["GET"]}}],"collection":[{"href":"https:\/\/simonapekolj.com\/si\/wp-json\/wp\/v2\/pages"}],"about":[{"href":"https:\/\/simonapekolj.com\/si\/wp-json\/wp\/v2\/types\/page"}],"author":[{"embeddable":true,"href":"https:\/\/simonapekolj.com\/si\/wp-json\/wp\/v2\/users\/1"}],"replies":[{"embeddable":true,"href":"https:\/\/simonapekolj.com\/si\/wp-json\/wp\/v2\/comments?post=245"}],"version-history":[{"count":11,"href":"https:\/\/simonapekolj.com\/si\/wp-json\/wp\/v2\/pages\/245\/revisions"}],"predecessor-version":[{"id":389,"href":"https:\/\/simonapekolj.com\/si\/wp-json\/wp\/v2\/pages\/245\/revisions\/389"}],"wp:attachment":[{"href":"https:\/\/simonapekolj.com\/si\/wp-json\/wp\/v2\/media?parent=245"}],"curies":[{"name":"wp","href":"https:\/\/api.w.org\/{rel}","templated":true}]}}