{"id":251,"date":"2021-05-13T11:05:47","date_gmt":"2021-05-13T09:05:47","guid":{"rendered":"http:\/\/simona-pekolj.local\/?page_id=229"},"modified":"2022-11-21T14:44:07","modified_gmt":"2022-11-21T13:44:07","slug":"kontakt","status":"publish","type":"page","link":"https:\/\/simonapekolj.com\/si\/kontakt\/","title":{"rendered":"Kontakt"},"content":{"rendered":"\n<div class=\"wp-block-columns is-layout-flex wp-container-core-columns-is-layout-9d6595d7 wp-block-columns-is-layout-flex\">\n<div class=\"wp-block-column is-layout-flow wp-block-column-is-layout-flow\">\n<h2 class=\"has-large-font-size wp-block-heading\">Po\u0161ljite mi sporo\u010dilo<\/h2>\n\n\n\n<div style=\"height:20px\" aria-hidden=\"true\" class=\"wp-block-spacer\"><\/div>\n\n\n\n<p>Me \u017eelite kaj vpra\u0161ati? Pi\u0161ite mi ali me pokli\u010dite:<\/p>\n\n\n\n<div style=\"height:20px\" aria-hidden=\"true\" class=\"wp-block-spacer\"><\/div>\n\n\n\n<p class=\"contact-info\"><span><\/span> <a href=\"tel:+420 722 725 853\"> +420 722 725 853<\/a> (\u010ce\u0161ka)<\/p>\n\n\n\n<p>+386 40 855 185 (Slovenija)<\/p>\n\n\n\n<p class=\"contact-info\"><span><\/span><a href=\"mailto:info@izistep.com\"> info@izistep.com<\/a><\/p>\n\n\n\n<div class=\"socials\">\n<a href=\"#\"><\/a>\n<a href=\"#\"><\/a>\n<\/div>\n<\/div>\n\n\n\n<div class=\"wp-block-column contact-form-bg is-layout-flow wp-block-column-is-layout-flow\">\n<div class=\"wp-block-contact-form-7-contact-form-selector\"><div role=\"form\" class=\"wpcf7\" id=\"wpcf7-f4-o1\" lang=\"sl-SI\" dir=\"ltr\">\n<div class=\"screen-reader-response\"><p role=\"status\" aria-live=\"polite\" aria-atomic=\"true\"><\/p> <ul><\/ul><\/div>\n<form action=\"\/si\/wp-json\/wp\/v2\/pages\/251#wpcf7-f4-o1\" method=\"post\" class=\"wpcf7-form init\" novalidate=\"novalidate\" data-status=\"init\">\n<div style=\"display: none;\">\n<input type=\"hidden\" name=\"_wpcf7\" value=\"4\" \/>\n<input type=\"hidden\" name=\"_wpcf7_version\" value=\"5.5.6.1\" \/>\n<input type=\"hidden\" name=\"_wpcf7_locale\" value=\"sl_SI\" \/>\n<input type=\"hidden\" name=\"_wpcf7_unit_tag\" value=\"wpcf7-f4-o1\" \/>\n<input type=\"hidden\" name=\"_wpcf7_container_post\" value=\"0\" \/>\n<input type=\"hidden\" name=\"_wpcf7_posted_data_hash\" value=\"\" \/>\n<\/div>\n<div class=\"sp-contact\">\n<p><label> Va\u0161e ime<br \/>\n    <span class=\"wpcf7-form-control-wrap your-name\"><input type=\"text\" name=\"your-name\" value=\"\" size=\"40\" class=\"wpcf7-form-control wpcf7-text wpcf7-validates-as-required\" aria-required=\"true\" aria-invalid=\"false\" \/><\/span> <\/label><\/p>\n<p><label> Va\u0161 elektronski naslov<br \/>\n    <span class=\"wpcf7-form-control-wrap your-email\"><input type=\"email\" name=\"your-email\" value=\"\" size=\"40\" class=\"wpcf7-form-control wpcf7-text wpcf7-email wpcf7-validates-as-required wpcf7-validates-as-email\" aria-required=\"true\" aria-invalid=\"false\" \/><\/span> <\/label><\/p>\n<p><label> Sporo\u010dilo<br \/>\n    <span class=\"wpcf7-form-control-wrap your-message\"><textarea name=\"your-message\" cols=\"40\" rows=\"10\" class=\"wpcf7-form-control wpcf7-textarea\" aria-invalid=\"false\"><\/textarea><\/span> <\/label><\/p>\n<p><input type=\"submit\" value=\"Po\u0161lji sporo\u010dilo\" class=\"wpcf7-form-control has-spinner wpcf7-submit\" \/><\/p>\n<\/div>\n<div class=\"wpcf7-response-output\" aria-hidden=\"true\"><\/div><\/form><\/div><\/div>\n<\/div>\n<\/div>\n","protected":false},"excerpt":{"rendered":"<p>Po\u0161ljite mi sporo\u010dilo Me \u017eelite kaj vpra\u0161ati? Pi\u0161ite mi ali me pokli\u010dite: +420 722 725 853 (\u010ce\u0161ka) +386 40 855 185 (Slovenija) info@izistep.com<\/p>\n","protected":false},"author":1,"featured_media":0,"parent":0,"menu_order":0,"comment_status":"closed","ping_status":"closed","template":"","meta":{"inline_featured_image":false,"footnotes":""},"class_list":["post-251","page","type-page","status-publish","hentry"],"acf":[],"_links":{"self":[{"href":"https:\/\/simonapekolj.com\/si\/wp-json\/wp\/v2\/pages\/251","targetHints":{"allow":["GET"]}}],"collection":[{"href":"https:\/\/simonapekolj.com\/si\/wp-json\/wp\/v2\/pages"}],"about":[{"href":"https:\/\/simonapekolj.com\/si\/wp-json\/wp\/v2\/types\/page"}],"author":[{"embeddable":true,"href":"https:\/\/simonapekolj.com\/si\/wp-json\/wp\/v2\/users\/1"}],"replies":[{"embeddable":true,"href":"https:\/\/simonapekolj.com\/si\/wp-json\/wp\/v2\/comments?post=251"}],"version-history":[{"count":5,"href":"https:\/\/simonapekolj.com\/si\/wp-json\/wp\/v2\/pages\/251\/revisions"}],"predecessor-version":[{"id":395,"href":"https:\/\/simonapekolj.com\/si\/wp-json\/wp\/v2\/pages\/251\/revisions\/395"}],"wp:attachment":[{"href":"https:\/\/simonapekolj.com\/si\/wp-json\/wp\/v2\/media?parent=251"}],"curies":[{"name":"wp","href":"https:\/\/api.w.org\/{rel}","templated":true}]}}